{"id":146,"date":"2025-03-06T14:09:44","date_gmt":"2025-03-06T13:09:44","guid":{"rendered":"https:\/\/sanadentmataro.es\/equip\/"},"modified":"2025-03-31T11:08:48","modified_gmt":"2025-03-31T09:08:48","slug":"equipo","status":"publish","type":"page","link":"https:\/\/sanadentmataro.es\/es\/equipo\/","title":{"rendered":"Equipo"},"content":{"rendered":"\n<div class=\"wp-block-group alignwide breadcrumb-pattern is-layout-flow wp-block-group-is-layout-flow\" style=\"padding-top:var(--wp--preset--spacing--20);padding-bottom:var(--wp--preset--spacing--50)\"><nav class=\"breadcrumb\" itemprop=\"breadcrumb\">\n\t<ul>\n\t\t<li class=\"breadcrumb__home\">\n\t\t\t<a href=\"https:\/\/sanadentmataro.es\/es\/\">\n\t\t\t\t<i class=\"icon-home\">\n\t\t\t\t\t<svg width=\"16\" height=\"18\" viewBox=\"0 0 16 18\" fill=\"none\" xmlns=\"http:\/\/www.w3.org\/2000\/svg\">\n\t\t\t\t\t\t<path d=\"M0 18V6L8 0L16 6V18H10V11H6V18H0Z\" fill=\"currentColor\"\/>\n\t\t\t\t\t<\/svg>\n\t\t\t\t<\/i>\n\t\t\t\t<span class=\"home-text\">Inicio<\/span>\n\t\t\t<\/a>\n\t\t<\/li>\n\t\t\n\t\t\t\t\n\t\t\t\t\n\t<\/ul>\n<\/nav>\n<\/div>\n\n\n\n<div class=\"wp-block-group alignwide is-layout-flow wp-block-group-is-layout-flow\"><h1 class=\"wp-block-post-title\">Equipo<\/h1>\n\n\t<div class=\"equip-block-collection\">\n\t\t\t\t\t<div class=\"equip-membre\">\n\t\t\t\t<div class=\"equip-membre__inner\">\n\t\t\t\t\t\t\t\t\t\t\t\t\t\t\t\t<picture class=\"equip-membre__image\">\n\t\t\t\t\t\t\t<source media=\"(min-width:900px)\" srcset=\"https:\/\/sanadentmataro.es\/wp-content\/uploads\/2025\/03\/equip-joana-sanchez-360x480-c-default.webp\">\n\t\t\t\t\t\t\t<img decoding=\"async\" src=\"https:\/\/sanadentmataro.es\/wp-content\/uploads\/2025\/03\/equip-joana-sanchez-180x240-c-default.webp\" alt=\"Joana S\u00e1nchez Birkner\" \/>\n\t\t\t\t\t\t<\/picture>\n\t\t\t\t\t\n\t\t\t\t\t<div class=\"equip-membre__content\">\n\t\t\t\t\t\t<h3 class=\"equip-membre__name\">\n\t\t\t\t\t\t\tJoana S\u00e1nchez Birkner\n\t\t\t\t\t\t<\/h3>\n\t\t\t\t\t\t<div>\n\t\t\t\t\t\t\t<ul>\n<li>Higienista y auxiliar<\/li>\n<li>Curso de higienista Bucodental &#8211; Escuelas Freta<\/li>\n<\/ul>\n\n\t\t\t\t\t\t<\/div>\n\t\t\t\t\t<\/div>\n\n\t\t\t\t<\/div>\n\t\t\t<\/div>\n\t\t\t\t\t<div class=\"equip-membre\">\n\t\t\t\t<div class=\"equip-membre__inner\">\n\t\t\t\t\t\t\t\t\t\t\t\t\t\t\t\t<picture class=\"equip-membre__image\">\n\t\t\t\t\t\t\t<source media=\"(min-width:900px)\" srcset=\"https:\/\/sanadentmataro.es\/wp-content\/uploads\/2025\/03\/equip-begona-bellod-360x480-c-default.webp\">\n\t\t\t\t\t\t\t<img decoding=\"async\" src=\"https:\/\/sanadentmataro.es\/wp-content\/uploads\/2025\/03\/equip-begona-bellod-180x240-c-default.webp\" alt=\"Dra. Bego\u00f1a Bellod Vall-Llosserra\" \/>\n\t\t\t\t\t\t<\/picture>\n\t\t\t\t\t\n\t\t\t\t\t<div class=\"equip-membre__content\">\n\t\t\t\t\t\t<h3 class=\"equip-membre__name\">\n\t\t\t\t\t\t\tDra. Bego\u00f1a Bellod Vall-Llosserra\n\t\t\t\t\t\t<\/h3>\n\t\t\t\t\t\t<div>\n\t\t\t\t\t\t\t<ul>\n<li>Colegiada 9244 coec<\/li>\n<li>Licenciada en Odontolog\u00eda &#8211; Universidad Internacional de Catalunya.<\/li>\n<li>M\u00e1ster en Odontopediatr\u00eda integral y hospitalaria- Universidad Internacional de Catalu\u00f1a<\/li>\n<\/ul>\n\n\t\t\t\t\t\t<\/div>\n\t\t\t\t\t<\/div>\n\n\t\t\t\t<\/div>\n\t\t\t<\/div>\n\t\t\t\t\t<div class=\"equip-membre\">\n\t\t\t\t<div class=\"equip-membre__inner\">\n\t\t\t\t\t\t\t\t\t\t\t\t\t\t\t\t<picture class=\"equip-membre__image\">\n\t\t\t\t\t\t\t<source media=\"(min-width:900px)\" srcset=\"https:\/\/sanadentmataro.es\/wp-content\/uploads\/2025\/03\/equip-irene-gallego-360x480-c-default.webp\">\n\t\t\t\t\t\t\t<img decoding=\"async\" src=\"https:\/\/sanadentmataro.es\/wp-content\/uploads\/2025\/03\/equip-irene-gallego-180x240-c-default.webp\" alt=\"Dra.  Irene Gallego Medina\" \/>\n\t\t\t\t\t\t<\/picture>\n\t\t\t\t\t\n\t\t\t\t\t<div class=\"equip-membre__content\">\n\t\t\t\t\t\t<h3 class=\"equip-membre__name\">\n\t\t\t\t\t\t\tDra.  Irene Gallego Medina\n\t\t\t\t\t\t<\/h3>\n\t\t\t\t\t\t<div>\n\t\t\t\t\t\t\t<ul>\n<li>Colegiada 3067 coec<\/li>\n<li>Licenciada en Odontolog\u00eda- Universidad de Barcelona<\/li>\n<li>M\u00e1ster en cirug\u00eda e implantes &#8211; Universidad de Barcelona<\/li>\n<li>M\u00e1ster en medicina est\u00e9tica- Universidad de Barcelona<\/li>\n<\/ul>\n\n\t\t\t\t\t\t<\/div>\n\t\t\t\t\t<\/div>\n\n\t\t\t\t<\/div>\n\t\t\t<\/div>\n\t\t\t\t\t<div class=\"equip-membre\">\n\t\t\t\t<div class=\"equip-membre__inner\">\n\t\t\t\t\t\t\t\t\t\t\t\t\t\t\t\t<picture class=\"equip-membre__image\">\n\t\t\t\t\t\t\t<source media=\"(min-width:900px)\" srcset=\"https:\/\/sanadentmataro.es\/wp-content\/uploads\/2025\/03\/equip-anais-ninou-cardona-360x480-c-default.webp\">\n\t\t\t\t\t\t\t<img decoding=\"async\" src=\"https:\/\/sanadentmataro.es\/wp-content\/uploads\/2025\/03\/equip-anais-ninou-cardona-180x240-c-default.webp\" alt=\"Dra. Ana\u00efs Ninou Carmona\" \/>\n\t\t\t\t\t\t<\/picture>\n\t\t\t\t\t\n\t\t\t\t\t<div class=\"equip-membre__content\">\n\t\t\t\t\t\t<h3 class=\"equip-membre__name\">\n\t\t\t\t\t\t\tDra. Ana\u00efs Ninou Carmona\n\t\t\t\t\t\t<\/h3>\n\t\t\t\t\t\t<div>\n\t\t\t\t\t\t\t<ul>\n<li>Colegiada 5632 coec<\/li>\n<li>Licenciada en Odontolog\u00eda &#8211; Universidad Internacional de Catalu\u00f1a<\/li>\n<li>M\u00e1ster en Ortodoncia &#8211; Universidad Internacional de Catalu\u00f1a<\/li>\n<li>Profesora asociada en el M\u00e1ster de ortodoncia en la Universidad Internacional de Catalu\u00f1a<\/li>\n<\/ul>\n\n\t\t\t\t\t\t<\/div>\n\t\t\t\t\t<\/div>\n\n\t\t\t\t<\/div>\n\t\t\t<\/div>\n\t\t\t\t\t<div class=\"equip-membre\">\n\t\t\t\t<div class=\"equip-membre__inner\">\n\t\t\t\t\t\t\t\t\t\t\t\t\t\t\t\t<picture class=\"equip-membre__image\">\n\t\t\t\t\t\t\t<source media=\"(min-width:900px)\" srcset=\"https:\/\/sanadentmataro.es\/wp-content\/uploads\/2025\/03\/equip-susana-tubau-candau-360x480-c-default.webp\">\n\t\t\t\t\t\t\t<img decoding=\"async\" src=\"https:\/\/sanadentmataro.es\/wp-content\/uploads\/2025\/03\/equip-susana-tubau-candau-180x240-c-default.webp\" alt=\"Dra. Susana Tubau Candau\" \/>\n\t\t\t\t\t\t<\/picture>\n\t\t\t\t\t\n\t\t\t\t\t<div class=\"equip-membre__content\">\n\t\t\t\t\t\t<h3 class=\"equip-membre__name\">\n\t\t\t\t\t\t\tDra. Susana Tubau Candau\n\t\t\t\t\t\t<\/h3>\n\t\t\t\t\t\t<div>\n\t\t\t\t\t\t\t<ul>\n<li>Colegiada 4382 coec<\/li>\n<li>Licenciada en Odontolog\u00eda &#8211; Universidad Internacional de Catalu\u00f1a<\/li>\n<li>Postgrado en Cirug\u00eda &#8211; UIC<\/li>\n<li>Postgrado en pr\u00f3tesis &#8211; UIC<\/li>\n<\/ul>\n\n\t\t\t\t\t\t<\/div>\n\t\t\t\t\t<\/div>\n\n\t\t\t\t<\/div>\n\t\t\t<\/div>\n\t\t\t<\/div>\n<\/div>\n","protected":false},"excerpt":{"rendered":"","protected":false},"author":1,"featured_media":0,"parent":0,"menu_order":0,"comment_status":"closed","ping_status":"closed","template":"","meta":{"_seopress_robots_primary_cat":"","_seopress_titles_title":"","_seopress_titles_desc":"","_seopress_robots_index":"","inline_featured_image":false,"footnotes":""},"class_list":["post-146","page","type-page","status-publish","hentry"],"_links":{"self":[{"href":"https:\/\/sanadentmataro.es\/es\/wp-json\/wp\/v2\/pages\/146","targetHints":{"allow":["GET"]}}],"collection":[{"href":"https:\/\/sanadentmataro.es\/es\/wp-json\/wp\/v2\/pages"}],"about":[{"href":"https:\/\/sanadentmataro.es\/es\/wp-json\/wp\/v2\/types\/page"}],"author":[{"embeddable":true,"href":"https:\/\/sanadentmataro.es\/es\/wp-json\/wp\/v2\/users\/1"}],"replies":[{"embeddable":true,"href":"https:\/\/sanadentmataro.es\/es\/wp-json\/wp\/v2\/comments?post=146"}],"version-history":[{"count":0,"href":"https:\/\/sanadentmataro.es\/es\/wp-json\/wp\/v2\/pages\/146\/revisions"}],"wp:attachment":[{"href":"https:\/\/sanadentmataro.es\/es\/wp-json\/wp\/v2\/media?parent=146"}],"curies":[{"name":"wp","href":"https:\/\/api.w.org\/{rel}","templated":true}]}}