{"id":162,"date":"2025-03-07T12:21:28","date_gmt":"2025-03-07T11:21:28","guid":{"rendered":"https:\/\/sanadentmataro.es\/inici\/"},"modified":"2025-03-31T11:08:17","modified_gmt":"2025-03-31T09:08:17","slug":"inici","status":"publish","type":"page","link":"https:\/\/sanadentmataro.es\/es\/","title":{"rendered":"Inici"},"content":{"rendered":"\n<div class=\"wp-block-cover alignfull is-light has-custom-content-position is-position-bottom-center\" style=\"padding-top:0;padding-right:0;padding-bottom:0;padding-left:0;min-height:40vh;aspect-ratio:unset;\"><span aria-hidden=\"true\" class=\"wp-block-cover__background has-background-dim\" style=\"background-color:#cac1b3\"><\/span><img alt=\"\" loading=\"lazy\" decoding=\"async\" width=\"2500\" height=\"2049\" class=\"wp-block-cover__image-background wp-image-89\" alt=\"\" src=\"https:\/\/sanadentmataro.es\/wp-content\/uploads\/2025\/03\/clinica-01-img-20240719-161748.jpg\" data-object-fit=\"cover\" srcset=\"https:\/\/sanadentmataro.es\/wp-content\/uploads\/2025\/03\/clinica-01-img-20240719-161748.jpg 2500w, https:\/\/sanadentmataro.es\/wp-content\/uploads\/2025\/03\/clinica-01-img-20240719-161748-439x360.jpg 439w, https:\/\/sanadentmataro.es\/wp-content\/uploads\/2025\/03\/clinica-01-img-20240719-161748-1024x839.jpg 1024w, https:\/\/sanadentmataro.es\/wp-content\/uploads\/2025\/03\/clinica-01-img-20240719-161748-768x629.jpg 768w, https:\/\/sanadentmataro.es\/wp-content\/uploads\/2025\/03\/clinica-01-img-20240719-161748-1536x1259.jpg 1536w, https:\/\/sanadentmataro.es\/wp-content\/uploads\/2025\/03\/clinica-01-img-20240719-161748-2048x1679.jpg 2048w\" sizes=\"auto, (max-width: 2500px) 100vw, 2500px\" \/><div class=\"wp-block-cover__inner-container has-global-padding is-layout-constrained wp-container-core-cover-is-layout-639b5052 wp-block-cover-is-layout-constrained\">\n<div class=\"wp-block-group alignfull has-primary-transpatent-background-color has-background has-global-padding is-layout-constrained wp-block-group-is-layout-constrained\">\n<p class=\"has-text-align-center has-white-color has-text-color has-link-color has-huge-font-size wp-elements-c1c98e32e2d8411e2b322fd316c6b38b\" style=\"margin-top:0;margin-right:0;margin-bottom:0;margin-left:0;font-style:normal;font-weight:700\">\u00a1Ven a Sanadent y saldr\u00e1s contento!<\/p>\n<\/div>\n<\/div><\/div>\n\n\n\n<div class=\"wp-block-group aligncenter is-style-section has-global-padding is-layout-constrained wp-block-group-is-layout-constrained\">\n<p class=\"has-large-font-size\"><strong>Bienvenidos a la Cl\u00ednica Dental Sanadent<\/strong><\/p>\n\n\n\n<p class=\"has-medium-font-size\">Sanadent es una cl\u00ednica dental, situada en Matar\u00f3, en el barrio del Cam\u00ed de la Serra. La cl\u00ednica est\u00e1 equipada con una tecnolog\u00eda de \u00faltima generaci\u00f3n, para poder realizar los mejores tratamientos dentales para peque\u00f1os y mayores, y donde puede encontrar todas las facilidades para acceder, ya que est\u00e1 totalmente adaptada.<\/p>\n\n\n\n<p class=\"has-medium-font-size\">Ofrecemos un trato muy cercano y familiar a nuestros pacientes.<\/p>\n\n\n\n<div class=\"wp-block-buttons is-layout-flex wp-block-buttons-is-layout-flex\">\n<div class=\"wp-block-button\"><a class=\"wp-block-button__link wp-element-button\" href=\"https:\/\/sanadentmataro.es\/es\/la-clinica\/\">CON\u00d3CENOS<\/a><\/div>\n<\/div>\n<\/div>\n\n\n\n<div class=\"wp-block-group alignwide is-style-section is-layout-flow wp-block-group-is-layout-flow\">\n<div class=\"wp-block-group aligncenter has-global-padding is-layout-constrained wp-block-group-is-layout-constrained\" style=\"padding-bottom:var(--wp--preset--spacing--30)\">\n<h2 class=\"wp-block-heading has-huge-font-size\">LA CL\u00cdNICA<\/h2>\n<\/div>\n\n\n\n<div class=\"wp-block-cb-carousel\" data-slick=\"{&quot;slidesToShow&quot;:4,&quot;slidesToScroll&quot;:1,&quot;speed&quot;:300,&quot;arrows&quot;:true,&quot;dots&quot;:false,&quot;autoplay&quot;:true,&quot;autoplaySpeed&quot;:3000,&quot;infinite&quot;:false,&quot;responsive&quot;:[{&quot;breakpoint&quot;:769,&quot;settings&quot;:{&quot;slidesToShow&quot;:2,&quot;slidesToScroll&quot;:1}}]}\">\n<div class=\"wp-block-cb-slide\">\n<figure class=\"wp-block-image size-large\"><img alt=\"\" loading=\"lazy\" decoding=\"async\" width=\"768\" height=\"1024\" src=\"https:\/\/sanadentmataro.es\/wp-content\/uploads\/2025\/03\/clinica-11-img-20240719-163454-768x1024.jpg\" alt=\"\" class=\"wp-image-112\" srcset=\"https:\/\/sanadentmataro.es\/wp-content\/uploads\/2025\/03\/clinica-11-img-20240719-163454-768x1024.jpg 768w, https:\/\/sanadentmataro.es\/wp-content\/uploads\/2025\/03\/clinica-11-img-20240719-163454-270x360.jpg 270w, https:\/\/sanadentmataro.es\/wp-content\/uploads\/2025\/03\/clinica-11-img-20240719-163454-1152x1536.jpg 1152w, https:\/\/sanadentmataro.es\/wp-content\/uploads\/2025\/03\/clinica-11-img-20240719-163454-1536x2048.jpg 1536w, https:\/\/sanadentmataro.es\/wp-content\/uploads\/2025\/03\/clinica-11-img-20240719-163454.jpg 1875w\" sizes=\"auto, (max-width: 768px) 100vw, 768px\" \/><\/figure>\n<\/div>\n\n\n\n<div class=\"wp-block-cb-slide\">\n<figure class=\"wp-block-image size-large\"><img alt=\"\" loading=\"lazy\" decoding=\"async\" width=\"768\" height=\"1024\" src=\"https:\/\/sanadentmataro.es\/wp-content\/uploads\/2025\/03\/clinica-07-img-20240719-162706-768x1024.jpg\" alt=\"\" class=\"wp-image-104\" srcset=\"https:\/\/sanadentmataro.es\/wp-content\/uploads\/2025\/03\/clinica-07-img-20240719-162706-768x1024.jpg 768w, https:\/\/sanadentmataro.es\/wp-content\/uploads\/2025\/03\/clinica-07-img-20240719-162706-270x360.jpg 270w, https:\/\/sanadentmataro.es\/wp-content\/uploads\/2025\/03\/clinica-07-img-20240719-162706-1152x1536.jpg 1152w, https:\/\/sanadentmataro.es\/wp-content\/uploads\/2025\/03\/clinica-07-img-20240719-162706-1536x2048.jpg 1536w, https:\/\/sanadentmataro.es\/wp-content\/uploads\/2025\/03\/clinica-07-img-20240719-162706.jpg 1875w\" sizes=\"auto, (max-width: 768px) 100vw, 768px\" \/><\/figure>\n<\/div>\n\n\n\n<div class=\"wp-block-cb-slide\">\n<figure class=\"wp-block-image size-large\"><img alt=\"\" loading=\"lazy\" decoding=\"async\" width=\"768\" height=\"1024\" src=\"https:\/\/sanadentmataro.es\/wp-content\/uploads\/2025\/03\/clinica-06-img-20240719-162521-768x1024.jpg\" alt=\"\" class=\"wp-image-102\" srcset=\"https:\/\/sanadentmataro.es\/wp-content\/uploads\/2025\/03\/clinica-06-img-20240719-162521-768x1024.jpg 768w, https:\/\/sanadentmataro.es\/wp-content\/uploads\/2025\/03\/clinica-06-img-20240719-162521-270x360.jpg 270w, https:\/\/sanadentmataro.es\/wp-content\/uploads\/2025\/03\/clinica-06-img-20240719-162521-1152x1536.jpg 1152w, https:\/\/sanadentmataro.es\/wp-content\/uploads\/2025\/03\/clinica-06-img-20240719-162521-1536x2048.jpg 1536w, https:\/\/sanadentmataro.es\/wp-content\/uploads\/2025\/03\/clinica-06-img-20240719-162521.jpg 1875w\" sizes=\"auto, (max-width: 768px) 100vw, 768px\" \/><\/figure>\n<\/div>\n\n\n\n<div class=\"wp-block-cb-slide\">\n<figure class=\"wp-block-image size-large\"><img alt=\"\" loading=\"lazy\" decoding=\"async\" width=\"768\" height=\"1024\" src=\"https:\/\/sanadentmataro.es\/wp-content\/uploads\/2025\/03\/clinica-12-img-20240719-163720-768x1024.jpg\" alt=\"\" class=\"wp-image-114\" srcset=\"https:\/\/sanadentmataro.es\/wp-content\/uploads\/2025\/03\/clinica-12-img-20240719-163720-768x1024.jpg 768w, https:\/\/sanadentmataro.es\/wp-content\/uploads\/2025\/03\/clinica-12-img-20240719-163720-270x360.jpg 270w, https:\/\/sanadentmataro.es\/wp-content\/uploads\/2025\/03\/clinica-12-img-20240719-163720-1152x1536.jpg 1152w, https:\/\/sanadentmataro.es\/wp-content\/uploads\/2025\/03\/clinica-12-img-20240719-163720-1536x2048.jpg 1536w, https:\/\/sanadentmataro.es\/wp-content\/uploads\/2025\/03\/clinica-12-img-20240719-163720.jpg 1875w\" sizes=\"auto, (max-width: 768px) 100vw, 768px\" \/><\/figure>\n<\/div>\n\n\n\n<div class=\"wp-block-cb-slide\">\n<figure class=\"wp-block-image size-large\"><img alt=\"\" loading=\"lazy\" decoding=\"async\" width=\"768\" height=\"1024\" src=\"https:\/\/sanadentmataro.es\/wp-content\/uploads\/2025\/03\/clinica-10-img-20240719-163419-768x1024.jpg\" alt=\"\" class=\"wp-image-110\" srcset=\"https:\/\/sanadentmataro.es\/wp-content\/uploads\/2025\/03\/clinica-10-img-20240719-163419-768x1024.jpg 768w, https:\/\/sanadentmataro.es\/wp-content\/uploads\/2025\/03\/clinica-10-img-20240719-163419-270x360.jpg 270w, https:\/\/sanadentmataro.es\/wp-content\/uploads\/2025\/03\/clinica-10-img-20240719-163419-1152x1536.jpg 1152w, https:\/\/sanadentmataro.es\/wp-content\/uploads\/2025\/03\/clinica-10-img-20240719-163419-1536x2048.jpg 1536w, https:\/\/sanadentmataro.es\/wp-content\/uploads\/2025\/03\/clinica-10-img-20240719-163419.jpg 1875w\" sizes=\"auto, (max-width: 768px) 100vw, 768px\" \/><\/figure>\n<\/div>\n<\/div>\n\n\n\n<div class=\"wp-block-group aligncenter has-global-padding is-layout-constrained wp-block-group-is-layout-constrained\" style=\"padding-top:var(--wp--preset--spacing--30)\">\n<p>Las instalaciones son c\u00f3modas y modernas, y siempre con el mejor cuidado a la hora de tratar con el material, pensando siempre con nuestros pacientes.<\/p>\n\n\n\n<div class=\"wp-block-buttons is-layout-flex wp-block-buttons-is-layout-flex\">\n<div class=\"wp-block-button\"><a class=\"wp-block-button__link wp-element-button\" href=\"https:\/\/sanadentmataro.es\/es\/la-clinica\/\">VER INSTALACIONES<\/a><\/div>\n<\/div>\n<\/div>\n<\/div>\n\n\n\n<div class=\"wp-block-group alignwide is-style-section is-layout-flow wp-block-group-is-layout-flow\">\n<div class=\"wp-block-group aligncenter has-global-padding is-layout-constrained wp-block-group-is-layout-constrained\" style=\"padding-bottom:var(--wp--preset--spacing--30)\">\n<h2 class=\"wp-block-heading has-huge-font-size\">EL EQUIPO<\/h2>\n<\/div>\n\n\n\n<div class=\"wp-block-migb-masonry-gallery migb_7ff61e8b\" data-id=\"7ff61e8b\" id=\"7ff61e8b\"><div class=\"single-gallery-image\"><figure><img loading=\"lazy\" decoding=\"async\" width=\"615\" height=\"819\" src=\"https:\/\/sanadentmataro.es\/wp-content\/uploads\/2025\/03\/equip-begona-bellod.jpg\" alt=\"Gallery Image\" class=\"wp-image-25\" srcset=\"https:\/\/sanadentmataro.es\/wp-content\/uploads\/2025\/03\/equip-begona-bellod.jpg 615w, https:\/\/sanadentmataro.es\/wp-content\/uploads\/2025\/03\/equip-begona-bellod-270x360.jpg 270w\" sizes=\"auto, (max-width: 615px) 100vw, 615px\" \/><\/figure><\/div><div class=\"single-gallery-image\"><figure><img loading=\"lazy\" decoding=\"async\" width=\"615\" height=\"819\" src=\"https:\/\/sanadentmataro.es\/wp-content\/uploads\/2025\/03\/equip-joana-sanchez.jpg\" alt=\"Gallery Image\" class=\"wp-image-27\" srcset=\"https:\/\/sanadentmataro.es\/wp-content\/uploads\/2025\/03\/equip-joana-sanchez.jpg 615w, https:\/\/sanadentmataro.es\/wp-content\/uploads\/2025\/03\/equip-joana-sanchez-270x360.jpg 270w\" sizes=\"auto, (max-width: 615px) 100vw, 615px\" \/><\/figure><\/div><div class=\"single-gallery-image\"><figure><img loading=\"lazy\" decoding=\"async\" width=\"616\" height=\"819\" src=\"https:\/\/sanadentmataro.es\/wp-content\/uploads\/2025\/03\/equip-anais-ninou-cardona.jpg\" alt=\"Gallery Image\" class=\"wp-image-21\" srcset=\"https:\/\/sanadentmataro.es\/wp-content\/uploads\/2025\/03\/equip-anais-ninou-cardona.jpg 616w, https:\/\/sanadentmataro.es\/wp-content\/uploads\/2025\/03\/equip-anais-ninou-cardona-271x360.jpg 271w\" sizes=\"auto, (max-width: 616px) 100vw, 616px\" \/><\/figure><\/div><div class=\"single-gallery-image\"><figure><img loading=\"lazy\" decoding=\"async\" width=\"616\" height=\"819\" src=\"https:\/\/sanadentmataro.es\/wp-content\/uploads\/2025\/03\/equip-irene-gallego.jpg\" alt=\"Gallery Image\" class=\"wp-image-23\" srcset=\"https:\/\/sanadentmataro.es\/wp-content\/uploads\/2025\/03\/equip-irene-gallego.jpg 616w, https:\/\/sanadentmataro.es\/wp-content\/uploads\/2025\/03\/equip-irene-gallego-271x360.jpg 271w\" sizes=\"auto, (max-width: 616px) 100vw, 616px\" \/><\/figure><\/div><div class=\"single-gallery-image\"><figure><img loading=\"lazy\" decoding=\"async\" width=\"615\" height=\"819\" src=\"https:\/\/sanadentmataro.es\/wp-content\/uploads\/2025\/03\/equip-susana-tubau-candau.jpg\" alt=\"Gallery Image\" class=\"wp-image-19\" srcset=\"https:\/\/sanadentmataro.es\/wp-content\/uploads\/2025\/03\/equip-susana-tubau-candau.jpg 615w, https:\/\/sanadentmataro.es\/wp-content\/uploads\/2025\/03\/equip-susana-tubau-candau-270x360.jpg 270w\" sizes=\"auto, (max-width: 615px) 100vw, 615px\" \/><\/figure><\/div><\/div>\n\n\n\n<div class=\"wp-block-group aligncenter has-global-padding is-layout-constrained wp-block-group-is-layout-constrained\">\n<div class=\"wp-block-buttons is-layout-flex wp-block-buttons-is-layout-flex\">\n<div class=\"wp-block-button\"><a class=\"wp-block-button__link wp-element-button\" href=\"https:\/\/sanadentmataro.es\/es\/equipo\/\">CONOCE NUESTRO EQUIPO<\/a><\/div>\n<\/div>\n<\/div>\n<\/div>\n\n\n\n<div class=\"wp-block-group alignwide is-style-section is-layout-flow wp-block-group-is-layout-flow\">\n<div class=\"wp-block-group aligncenter has-global-padding is-layout-constrained wp-block-group-is-layout-constrained\" style=\"padding-bottom:var(--wp--preset--spacing--30)\">\n<h2 class=\"wp-block-heading has-huge-font-size\">ESPECIALIDADES<\/h2>\n<\/div>\n\n\n<div class=\"carousel-espencialitat-block\">\n            <div class=\"post-collection carrousel-especialitats\">\n                            <div class=\"post-item\">\n\t<a href=\"https:\/\/sanadentmataro.es\/es\/especialitat\/odontologia-conservadora\/\" class=\"post-item__link\">\n\t\t<div class=\"post-item__inner\">\n\t\t\t\t\t\t\t\t\t\t<picture class=\"post-item__image\">\n\t\t\t\t\t<source media=\"(min-width:900px)\" srcset=\"https:\/\/sanadentmataro.es\/wp-content\/uploads\/2025\/03\/odontologia-consevadora-600x320-c-default.webp\">\n\t\t\t\t\t<img decoding=\"async\" src=\"https:\/\/sanadentmataro.es\/wp-content\/uploads\/2025\/03\/odontologia-consevadora-300x160-c-default.webp\" alt=\"Odontologia conservadora\" \/>\n\t\t\t\t<\/picture>\n\t\t\t\t\t\t<div class=\"post-item__text\">\n\t\t\t\t<h3 class=\"post-item__title\">\n\t\t\t\t\tOdontologia conservadora\n\t\t\t\t<\/h3>\n\t\t\t<\/div>\n\t\t<\/div>\n\t<\/a>\n<\/div>                            <div class=\"post-item\">\n\t<a href=\"https:\/\/sanadentmataro.es\/es\/especialitat\/ortodoncia\/\" class=\"post-item__link\">\n\t\t<div class=\"post-item__inner\">\n\t\t\t\t\t\t\t\t\t\t<picture class=\"post-item__image\">\n\t\t\t\t\t<source media=\"(min-width:900px)\" srcset=\"https:\/\/sanadentmataro.es\/wp-content\/uploads\/2025\/04\/ortodonciabraquets-e1743680824721-600x320-c-default.webp\">\n\t\t\t\t\t<img decoding=\"async\" src=\"https:\/\/sanadentmataro.es\/wp-content\/uploads\/2025\/04\/ortodonciabraquets-e1743680824721-300x160-c-default.webp\" alt=\"Ortodoncia\" \/>\n\t\t\t\t<\/picture>\n\t\t\t\t\t\t<div class=\"post-item__text\">\n\t\t\t\t<h3 class=\"post-item__title\">\n\t\t\t\t\tOrtodoncia\n\t\t\t\t<\/h3>\n\t\t\t<\/div>\n\t\t<\/div>\n\t<\/a>\n<\/div>                            <div class=\"post-item\">\n\t<a href=\"https:\/\/sanadentmataro.es\/es\/especialitat\/odontopediatria\/\" class=\"post-item__link\">\n\t\t<div class=\"post-item__inner\">\n\t\t\t\t\t\t\t\t\t\t<picture class=\"post-item__image\">\n\t\t\t\t\t<source media=\"(min-width:900px)\" srcset=\"https:\/\/sanadentmataro.es\/wp-content\/uploads\/2025\/03\/odontopediatria-e1744360785480-600x320-c-default.webp\">\n\t\t\t\t\t<img decoding=\"async\" src=\"https:\/\/sanadentmataro.es\/wp-content\/uploads\/2025\/03\/odontopediatria-e1744360785480-300x160-c-default.webp\" alt=\"Odontopediatria\" \/>\n\t\t\t\t<\/picture>\n\t\t\t\t\t\t<div class=\"post-item__text\">\n\t\t\t\t<h3 class=\"post-item__title\">\n\t\t\t\t\tOdontopediatria\n\t\t\t\t<\/h3>\n\t\t\t<\/div>\n\t\t<\/div>\n\t<\/a>\n<\/div>                            <div class=\"post-item\">\n\t<a href=\"https:\/\/sanadentmataro.es\/es\/especialitat\/implants\/\" class=\"post-item__link\">\n\t\t<div class=\"post-item__inner\">\n\t\t\t\t\t\t\t\t\t\t<picture class=\"post-item__image\">\n\t\t\t\t\t<source media=\"(min-width:900px)\" srcset=\"https:\/\/sanadentmataro.es\/wp-content\/uploads\/2025\/03\/fotoimplantes-600x320-c-default.webp\">\n\t\t\t\t\t<img decoding=\"async\" src=\"https:\/\/sanadentmataro.es\/wp-content\/uploads\/2025\/03\/fotoimplantes-300x160-c-default.webp\" alt=\"implantologia\" \/>\n\t\t\t\t<\/picture>\n\t\t\t\t\t\t<div class=\"post-item__text\">\n\t\t\t\t<h3 class=\"post-item__title\">\n\t\t\t\t\timplantologia\n\t\t\t\t<\/h3>\n\t\t\t<\/div>\n\t\t<\/div>\n\t<\/a>\n<\/div>                            <div class=\"post-item\">\n\t<a href=\"https:\/\/sanadentmataro.es\/es\/especialitat\/cirugia-oral\/\" class=\"post-item__link\">\n\t\t<div class=\"post-item__inner\">\n\t\t\t\t\t\t\t\t\t\t<picture class=\"post-item__image\">\n\t\t\t\t\t<source media=\"(min-width:900px)\" srcset=\"https:\/\/sanadentmataro.es\/wp-content\/uploads\/2025\/03\/dentista-recogiendo-utensilios-dientes-23-2149206227-600x320-c-default.webp\">\n\t\t\t\t\t<img decoding=\"async\" src=\"https:\/\/sanadentmataro.es\/wp-content\/uploads\/2025\/03\/dentista-recogiendo-utensilios-dientes-23-2149206227-300x160-c-default.webp\" alt=\"Cirugia oral\" \/>\n\t\t\t\t<\/picture>\n\t\t\t\t\t\t<div class=\"post-item__text\">\n\t\t\t\t<h3 class=\"post-item__title\">\n\t\t\t\t\tCirugia oral\n\t\t\t\t<\/h3>\n\t\t\t<\/div>\n\t\t<\/div>\n\t<\/a>\n<\/div>                            <div class=\"post-item\">\n\t<a href=\"https:\/\/sanadentmataro.es\/es\/especialitat\/periodoncia-es\/\" class=\"post-item__link\">\n\t\t<div class=\"post-item__inner\">\n\t\t\t\t\t\t\t\t\t\t<picture class=\"post-item__image\">\n\t\t\t\t\t<source media=\"(min-width:900px)\" srcset=\"https:\/\/sanadentmataro.es\/wp-content\/uploads\/2025\/03\/inflamacion-encias-por-periodontitis-o-piorrea-600x320-c-default.webp\">\n\t\t\t\t\t<img decoding=\"async\" src=\"https:\/\/sanadentmataro.es\/wp-content\/uploads\/2025\/03\/inflamacion-encias-por-periodontitis-o-piorrea-300x160-c-default.webp\" alt=\"Periodoncia\" \/>\n\t\t\t\t<\/picture>\n\t\t\t\t\t\t<div class=\"post-item__text\">\n\t\t\t\t<h3 class=\"post-item__title\">\n\t\t\t\t\tPeriodoncia\n\t\t\t\t<\/h3>\n\t\t\t<\/div>\n\t\t<\/div>\n\t<\/a>\n<\/div>                            <div class=\"post-item\">\n\t<a href=\"https:\/\/sanadentmataro.es\/es\/especialitat\/estetica-dental\/\" class=\"post-item__link\">\n\t\t<div class=\"post-item__inner\">\n\t\t\t\t\t\t\t\t\t\t<picture class=\"post-item__image\">\n\t\t\t\t\t<source media=\"(min-width:900px)\" srcset=\"https:\/\/sanadentmataro.es\/wp-content\/uploads\/2025\/03\/blanqueamientodental-600x320-c-default.webp\">\n\t\t\t\t\t<img decoding=\"async\" src=\"https:\/\/sanadentmataro.es\/wp-content\/uploads\/2025\/03\/blanqueamientodental-300x160-c-default.webp\" alt=\"Estetica dental\" \/>\n\t\t\t\t<\/picture>\n\t\t\t\t\t\t<div class=\"post-item__text\">\n\t\t\t\t<h3 class=\"post-item__title\">\n\t\t\t\t\tEstetica dental\n\t\t\t\t<\/h3>\n\t\t\t<\/div>\n\t\t<\/div>\n\t<\/a>\n<\/div>                            <div class=\"post-item\">\n\t<a href=\"https:\/\/sanadentmataro.es\/es\/especialitat\/protesis-dental\/\" class=\"post-item__link\">\n\t\t<div class=\"post-item__inner\">\n\t\t\t\t\t\t\t\t\t\t<picture class=\"post-item__image\">\n\t\t\t\t\t<source media=\"(min-width:900px)\" srcset=\"https:\/\/sanadentmataro.es\/wp-content\/uploads\/2025\/03\/protesiscompleta-600x320-c-default.webp\">\n\t\t\t\t\t<img decoding=\"async\" src=\"https:\/\/sanadentmataro.es\/wp-content\/uploads\/2025\/03\/protesiscompleta-300x160-c-default.webp\" alt=\"Protesis dental\" \/>\n\t\t\t\t<\/picture>\n\t\t\t\t\t\t<div class=\"post-item__text\">\n\t\t\t\t<h3 class=\"post-item__title\">\n\t\t\t\t\tProtesis dental\n\t\t\t\t<\/h3>\n\t\t\t<\/div>\n\t\t<\/div>\n\t<\/a>\n<\/div>                            <div class=\"post-item\">\n\t<a href=\"https:\/\/sanadentmataro.es\/es\/especialitat\/trastorns-temporomandibulars\/\" class=\"post-item__link\">\n\t\t<div class=\"post-item__inner\">\n\t\t\t\t\t\t\t\t\t\t<picture class=\"post-item__image\">\n\t\t\t\t\t<source media=\"(min-width:900px)\" srcset=\"https:\/\/sanadentmataro.es\/wp-content\/uploads\/2025\/04\/atm-e1743679628537-600x320-c-default.webp\">\n\t\t\t\t\t<img decoding=\"async\" src=\"https:\/\/sanadentmataro.es\/wp-content\/uploads\/2025\/04\/atm-e1743679628537-300x160-c-default.webp\" alt=\"Trastornos temporomandibulares\" \/>\n\t\t\t\t<\/picture>\n\t\t\t\t\t\t<div class=\"post-item__text\">\n\t\t\t\t<h3 class=\"post-item__title\">\n\t\t\t\t\tTrastornos temporomandibulares\n\t\t\t\t<\/h3>\n\t\t\t<\/div>\n\t\t<\/div>\n\t<\/a>\n<\/div>                            <div class=\"post-item\">\n\t<a href=\"https:\/\/sanadentmataro.es\/es\/especialitat\/tecnologia-digital\/\" class=\"post-item__link\">\n\t\t<div class=\"post-item__inner\">\n\t\t\t\t\t\t\t\t\t\t<picture class=\"post-item__image\">\n\t\t\t\t\t<source media=\"(min-width:900px)\" srcset=\"https:\/\/sanadentmataro.es\/wp-content\/uploads\/2025\/03\/radiografiasdigitales-600x320-c-default.webp\">\n\t\t\t\t\t<img decoding=\"async\" src=\"https:\/\/sanadentmataro.es\/wp-content\/uploads\/2025\/03\/radiografiasdigitales-300x160-c-default.webp\" alt=\"Tecnologia digital\" \/>\n\t\t\t\t<\/picture>\n\t\t\t\t\t\t<div class=\"post-item__text\">\n\t\t\t\t<h3 class=\"post-item__title\">\n\t\t\t\t\tTecnologia digital\n\t\t\t\t<\/h3>\n\t\t\t<\/div>\n\t\t<\/div>\n\t<\/a>\n<\/div>                    <\/div>\n    <\/div>\n\n\n<div class=\"wp-block-group aligncenter has-global-padding is-layout-constrained wp-block-group-is-layout-constrained\" style=\"padding-top:var(--wp--preset--spacing--30)\">\n<div class=\"wp-block-buttons is-layout-flex wp-block-buttons-is-layout-flex\">\n<div class=\"wp-block-button\"><a class=\"wp-block-button__link wp-element-button\" href=\"https:\/\/sanadentmataro.es\/especialitat\/\">VER TODAS LAS ESPECIALIADES<\/a><\/div>\n<\/div>\n<\/div>\n<\/div>\n\n\n\n<div class=\"wp-block-group alignfull is-layout-flow wp-block-group-is-layout-flow\">\t\t<div id=\"wpmapblock_7ab8ef16\" data-settings='{&quot;map_marker&quot;:[{&quot;id&quot;:&quot;0&quot;,&quot;lat&quot;:&quot;41.5537328&quot;,&quot;lng&quot;:&quot;2.43876&quot;,&quot;title&quot;:&quot;Cl\\u00ednica dental Sanadent&quot;,&quot;content&quot;:&quot;&amp;lt;p&amp;gt;\\nC. Joan Salvat Papasseit, 50&amp;lt;br&amp;gt;\\n08304 Matar\\u00f3 (BCN)\\n&amp;lt;\\\/p&amp;gt;\\n&amp;lt;p&amp;gt;\\n&amp;lt;a href=&amp;quot;https:\\\/\\\/maps.app.goo.gl\\\/6oMAih4p6VkAtAsW9&amp;quot; target=&amp;quot;_blank&amp;quot;&amp;gt;Veure a GoogleMaps&amp;lt;\\\/a&amp;gt;\\n&amp;lt;\\\/p&amp;gt;\\n\\n&quot;,&quot;iconType&quot;:&quot;default&quot;,&quot;customIconUrl&quot;:&quot;&quot;,&quot;customIconWidth&quot;:&quot;25&quot;,&quot;customIconHeight&quot;:&quot;40&quot;}],&quot;map_zoom&quot;:&quot;15&quot;,&quot;scroll_wheel_zoom&quot;:false,&quot;map_type&quot;:&quot;GM&quot;,&quot;center_index&quot;:0}' class=\"wpmapblockrender\" style=\"\n\t\t\twidth: 100%;\n\t\t\theight: 420px;\n\t\t\"><\/div>\n        <\/div>\n","protected":false},"excerpt":{"rendered":"<p>Bienvenidos a la Cl\u00ednica Dental Sanadent Sanadent es una cl\u00ednica dental, situada en Matar\u00f3, en el barrio del Cam\u00ed de la Serra. La cl\u00ednica est\u00e1 equipada con una tecnolog\u00eda de \u00faltima generaci\u00f3n, para poder realizar los mejores tratamientos dentales para peque\u00f1os y mayores, y donde puede encontrar todas las facilidades para acceder, ya que est\u00e1 [&hellip;]<\/p>\n","protected":false},"author":1,"featured_media":0,"parent":0,"menu_order":0,"comment_status":"closed","ping_status":"closed","template":"","meta":{"_seopress_robots_primary_cat":"","_seopress_titles_title":"","_seopress_titles_desc":"","_seopress_robots_index":"","inline_featured_image":false,"footnotes":""},"class_list":["post-162","page","type-page","status-publish","hentry"],"_links":{"self":[{"href":"https:\/\/sanadentmataro.es\/es\/wp-json\/wp\/v2\/pages\/162","targetHints":{"allow":["GET"]}}],"collection":[{"href":"https:\/\/sanadentmataro.es\/es\/wp-json\/wp\/v2\/pages"}],"about":[{"href":"https:\/\/sanadentmataro.es\/es\/wp-json\/wp\/v2\/types\/page"}],"author":[{"embeddable":true,"href":"https:\/\/sanadentmataro.es\/es\/wp-json\/wp\/v2\/users\/1"}],"replies":[{"embeddable":true,"href":"https:\/\/sanadentmataro.es\/es\/wp-json\/wp\/v2\/comments?post=162"}],"version-history":[{"count":0,"href":"https:\/\/sanadentmataro.es\/es\/wp-json\/wp\/v2\/pages\/162\/revisions"}],"wp:attachment":[{"href":"https:\/\/sanadentmataro.es\/es\/wp-json\/wp\/v2\/media?parent=162"}],"curies":[{"name":"wp","href":"https:\/\/api.w.org\/{rel}","templated":true}]}}