{"id":169,"date":"2025-03-06T11:22:45","date_gmt":"2025-03-06T10:22:45","guid":{"rendered":"https:\/\/sanadentmataro.es\/avis-legal\/"},"modified":"2025-03-31T12:01:24","modified_gmt":"2025-03-31T10:01:24","slug":"aviso-legal","status":"publish","type":"page","link":"https:\/\/sanadentmataro.es\/es\/aviso-legal\/","title":{"rendered":"Aviso legal"},"content":{"rendered":"\n<div class=\"wp-block-group aligncenter is-style-page-wrapper has-global-padding is-layout-constrained wp-block-group-is-layout-constrained\"><h1 class=\"wp-block-post-title\">Aviso legal<\/h1>\n\n\n<p>Condiciones generales de uso de la p\u00e1gina web\u00a0<strong>http:\/\/www.sanadentmataro.es\/<\/strong><\/p>\n\n\n\n<h3 class=\"wp-block-heading\">1. Identificaci\u00f3n y actividad de la sociedad.<\/h3>\n\n\n\n<p><strong>Susana Tubau<\/strong> (en adelante \u00ab<strong>Sanadent<\/strong>\u00ab), con domicilio social en <strong>C\/ Joan Salvat Papasseit 50 Bajos, 08304 Barcelona, NIF 38823844J<\/strong>, inscrita en el Registro Mercantil de Barcelona, es una sociedad que tiene como actividad <strong>cl\u00ednica dental, tratamientos dentales y tratamientos especiales bucodentales<\/strong>.<\/p>\n\n\n\n<h3 class=\"wp-block-heading\">3. <strong>Responsabilidades de uso.<\/strong><\/h3>\n\n\n\n<p>Ambas partes son responsables de la veracidad de los datos que se env\u00eden y gestionen a trav\u00e9s del sistema. El Usuario deber\u00e1 disponer de los medios materiales, sistemas, redes de comunicaci\u00f3n, maquinaria y equipos necesarios para el correcto funcionamiento del sistema.<\/p>\n\n\n\n<p>El Usuario y <strong>Sanadent<\/strong> adoptar\u00e1n todas las medidas de seguridad necesarias conforme a la tecnolog\u00eda y situaci\u00f3n en el mercado, con el fin de no introducir ning\u00fan tipo de c\u00f3digo contaminante o virus en el sistema. No obstante lo anterior, <strong>Sanadent<\/strong> excluye cualquier responsabilidad por da\u00f1os y perjuicios en relaci\u00f3n con:<\/p>\n\n\n\n<p>i) El mal funcionamiento de la p\u00e1gina web o de los servicios y promociones ofrecidos a trav\u00e9s de esta, as\u00ed como la falta de adaptaci\u00f3n de la p\u00e1gina web a un fin concreto esperado por los Usuarios.<\/p>\n\n\n\n<p>ii) La presencia de c\u00f3digos contaminantes, virus u otros elementos que puedan producir alteraciones en el sistema inform\u00e1tico o en los archivos de los Usuarios.<\/p>\n\n\n\n<h3 class=\"wp-block-heading\">3. Seguridad y confidencialidad. Pol\u00edtica de Protecci\u00f3n de Datos.<\/h3>\n\n\n\n<p>Los datos personales proporcionados por usted, as\u00ed como los que en cualquier momento nos facilite, ser\u00e1n tratados conforme a los t\u00e9rminos y condiciones estipulados en nuestra Pol\u00edtica de Privacidad. El mero uso de nuestra p\u00e1gina web supone la aceptaci\u00f3n de las presentes Condiciones Generales y de la Pol\u00edtica de Privacidad incluida en esta.<\/p>\n\n\n\n<h3 class=\"wp-block-heading\">4. Propiedad Intelectual y\/o industrial.<\/h3>\n\n\n\n<p>Toda la informaci\u00f3n contenida en la p\u00e1gina web\u00a0<strong>http:\/\/www.sanadentmataro.es\/<\/strong>, como, a t\u00edtulo enunciativo, el dise\u00f1o gr\u00e1fico, las im\u00e1genes, los c\u00f3digos fuente, las marcas, los r\u00f3tulos de establecimiento, los nombres comerciales, las denominaciones, otros signos distintivos o enlaces a terceros, etc., est\u00e1n sujetos a derechos de propiedad intelectual e industrial de <strong>Sanadent<\/strong> o de terceros.<\/p>\n\n\n\n<p>En ning\u00fan caso el acceso a los servicios de <strong>Sanadent<\/strong> supone la renuncia, transmisi\u00f3n, cesi\u00f3n o licencia total o parcial de estos derechos, ni confiere ning\u00fan derecho de uso, traducci\u00f3n, adaptaci\u00f3n, alteraci\u00f3n, explotaci\u00f3n, reproducci\u00f3n, distribuci\u00f3n o comunicaci\u00f3n p\u00fablica de dichos derechos de propiedad intelectual sin la previa y expresa autorizaci\u00f3n de <strong>Sanadent<\/strong> o del tercero titular de los derechos afectados. Por tanto, a t\u00edtulo enunciativo y no limitativo, el Usuario no estar\u00e1 autorizado a reproducir, descompilar, invertir, transformar, modificar ni actualizar el sistema sin la autorizaci\u00f3n previa y por escrito de <strong>Sanadent<\/strong>.<\/p>\n\n\n\n<p>En ning\u00fan caso est\u00e1 autorizada (y ser\u00e1 perseguida) la reproducci\u00f3n total o parcial de los datos y contenidos a los que se tenga acceso a trav\u00e9s de\u00a0<strong>http:\/\/www.sanadentmataro.es\/<\/strong>, si se utilizan incumpliendo la legislaci\u00f3n vigente en materia de propiedad industrial o intelectual.<\/p>\n\n\n\n<p>No obstante lo anterior, quedan exceptuados los derechos del Usuario previstos por las disposiciones legales vigentes, as\u00ed como el derecho del Usuario a visualizar y obtener una copia en la memoria cach\u00e9 de su ordenador como reproducci\u00f3n transitoria y accesoria, sin que en ning\u00fan caso est\u00e9 autorizado a comunicarla a terceros.<\/p>\n\n\n\n<h3 class=\"wp-block-heading\">5. Pol\u00edtica de enlaces.<\/h3>\n\n\n\n<p><strong>Sanadent<\/strong> no ser\u00e1 responsable de los da\u00f1os y perjuicios derivados de los servicios y contenidos que se ofrezcan a trav\u00e9s de las p\u00e1ginas web a las que los Usuarios puedan acceder mediante los enlaces incluidos en la p\u00e1gina web\u00a0<strong>http:\/\/www.sanadentmataro.es\/<\/strong>.<\/p>\n\n\n\n<h3 class=\"wp-block-heading\"><strong>6. Notificaciones.<\/strong><\/h3>\n\n\n\n<p>Cualquier notificaci\u00f3n podr\u00e1 ser dirigida a <strong>Sanadent<\/strong> a la direcci\u00f3n que figura en el encabezado o mediante el env\u00edo de un correo electr\u00f3nico a la siguiente direcci\u00f3n:\u00a0<strong>sanadentmataro@hotmail.com<\/strong>.<\/p>\n\n\n\n<h3 class=\"wp-block-heading\">7. Legislaci\u00f3n aplicable y jurisdicci\u00f3n.<\/h3>\n\n\n\n<p>Las presentes condiciones quedan sujetas a la normativa del derecho com\u00fan espa\u00f1ol. Los Usuarios se someten expresamente, para cualquier cuesti\u00f3n, discrepancia, controversia o reclamaci\u00f3n que derive de la ejecuci\u00f3n, interpretaci\u00f3n o cumplimiento de las obligaciones establecidas entre <strong>Sanadent<\/strong> y los usuarios de la p\u00e1gina web\u00a0<strong>http:\/\/www.sanadentmataro.es\/<\/strong>, a los Juzgados y Tribunales de Barcelona, con renuncia expresa a cualquier otro fuero que por ley les pudiera corresponder.<\/p>\n\n\n\n<h3 class=\"wp-block-heading\">8. Consentimiento del Usuario.<\/h3>\n\n\n\n<p>El mero acceso y uso de la p\u00e1gina web\u00a0<strong>http:\/\/www.sanadentmataro.es\/<\/strong>\u00a0por parte del Usuario supone la aceptaci\u00f3n de las presentes Condiciones Generales de Uso.<\/p>\n<\/div>\n\n\n\n<p><\/p>\n","protected":false},"excerpt":{"rendered":"<p>Condiciones generales de uso de la p\u00e1gina web\u00a0http:\/\/www.sanadentmataro.es\/ 1. Identificaci\u00f3n y actividad de la sociedad. Susana Tubau (en adelante \u00abSanadent\u00ab), con domicilio social en C\/ Joan Salvat Papasseit 50 Bajos, 08304 Barcelona, NIF 38823844J, inscrita en el Registro Mercantil de Barcelona, es una sociedad que tiene como actividad cl\u00ednica dental, tratamientos dentales y tratamientos especiales [&hellip;]<\/p>\n","protected":false},"author":1,"featured_media":0,"parent":0,"menu_order":0,"comment_status":"closed","ping_status":"closed","template":"","meta":{"_seopress_robots_primary_cat":"","_seopress_titles_title":"","_seopress_titles_desc":"","_seopress_robots_index":"","inline_featured_image":false,"footnotes":""},"class_list":["post-169","page","type-page","status-publish","hentry"],"_links":{"self":[{"href":"https:\/\/sanadentmataro.es\/es\/wp-json\/wp\/v2\/pages\/169","targetHints":{"allow":["GET"]}}],"collection":[{"href":"https:\/\/sanadentmataro.es\/es\/wp-json\/wp\/v2\/pages"}],"about":[{"href":"https:\/\/sanadentmataro.es\/es\/wp-json\/wp\/v2\/types\/page"}],"author":[{"embeddable":true,"href":"https:\/\/sanadentmataro.es\/es\/wp-json\/wp\/v2\/users\/1"}],"replies":[{"embeddable":true,"href":"https:\/\/sanadentmataro.es\/es\/wp-json\/wp\/v2\/comments?post=169"}],"version-history":[{"count":0,"href":"https:\/\/sanadentmataro.es\/es\/wp-json\/wp\/v2\/pages\/169\/revisions"}],"wp:attachment":[{"href":"https:\/\/sanadentmataro.es\/es\/wp-json\/wp\/v2\/media?parent=169"}],"curies":[{"name":"wp","href":"https:\/\/api.w.org\/{rel}","templated":true}]}}