{"id":171,"date":"2025-03-06T12:02:02","date_gmt":"2025-03-06T11:02:02","guid":{"rendered":"https:\/\/sanadentmataro.es\/politica-de-cookies\/"},"modified":"2025-03-31T11:58:21","modified_gmt":"2025-03-31T09:58:21","slug":"politica-de-cookies","status":"publish","type":"page","link":"https:\/\/sanadentmataro.es\/es\/politica-de-cookies\/","title":{"rendered":"Pol\u00edtica de cookies"},"content":{"rendered":"\n<div class=\"wp-block-group aligncenter is-style-page-wrapper has-global-padding is-layout-constrained wp-block-group-is-layout-constrained\"><h1 class=\"wp-block-post-title\">Pol\u00edtica de cookies<\/h1>\n\n\n<p>Una \u00abCookie\u00bb es un peque\u00f1o archivo que se almacena en el ordenador del usuario y nos permite reconocerlo. El conjunto de \u00abcookies\u00bb nos ayuda a mejorar la calidad de nuestra web, permiti\u00e9ndonos controlar qu\u00e9 p\u00e1ginas son \u00fatiles para nuestros usuarios y cu\u00e1les no.<\/p>\n\n\n\n<p>Las cookies son esenciales para el funcionamiento de internet, aportando innumerables ventajas en la prestaci\u00f3n de servicios interactivos, facilit\u00e1ndole la navegaci\u00f3n y operatividad de nuestro sitio web. Tenga en cuenta que las cookies no pueden da\u00f1ar su equipo y que, en cambio, el hecho de que est\u00e9n activadas nos ayuda a identificar y resolver los errores.<\/p>\n\n\n\n<p>La informaci\u00f3n que le proporcionamos a continuaci\u00f3n, le ayudar\u00e1 a comprender los diferentes tipos de cookies:<\/p>\n\n\n\n<p>_&nbsp;<strong>Cookies de sesi\u00f3n:<\/strong>&nbsp;son cookies temporales que permanecen en el archivo de cookies de su navegador hasta el momento en que abandona el sitio web, por lo que ninguna de estas queda registrada en el disco duro del usuario. La informaci\u00f3n obtenida por medio de estas cookies, sirve para analizar patrones de tr\u00e1fico en la web. A la larga, esto nos permite proporcionar una mejor experiencia para mejorar el contenido y facilitar su uso.<\/p>\n\n\n\n<p><strong>_ Cookies permanentes:<\/strong>&nbsp;son almacenadas en el disco duro y nuestro web las lee cada vez que usted vuelve a visitarlo. Estas cookies cuentan con una fecha de expiraci\u00f3n determinada despu\u00e9s de la cual dejar\u00e1 de funcionar.<\/p>\n\n\n\n<p>A continuaci\u00f3n publicamos una relaci\u00f3n de las principales cookies utilizadas en nuestro Web, distinguiendo:<\/p>\n\n\n\n<p><strong>_ Las cookies estrictamente necesarias,&nbsp;<\/strong>como por ejemplo, aquellas que sirven para una correcta navegaci\u00f3n o las que permiten realizar servicios solicitados por el usuario o cookies que sirven para garantizar que el contenido del sitio web se carga eficazmente.<\/p>\n\n\n\n<p><strong>_ Las cookies de terceros,&nbsp;<\/strong>como por ejemplo, las utilizadas por redes sociales, o por complementos externos de contenido.<\/p>\n\n\n\n<p>_ Las&nbsp;<strong>cookies anal\u00edticas,&nbsp;<\/strong>recopilan datos estad\u00edsticos de la actividad con prop\u00f3sitos de mantenimiento peri\u00f3dico y con el objetivo de garantizar el mejor servicio posible al usuario.<\/p>\n\n\n\n<p><\/p>\n\n\n\n<h3 class=\"wp-block-heading\">Garant\u00edas complementarias &#8211; Gesti\u00f3n de cookies:<\/h3>\n\n\n\n<p>Como garant\u00eda complementaria a las anteriormente descritas, el registro de las cookies podr\u00e1 estar sujeto a su aceptaci\u00f3n durante la instalaci\u00f3n o actualizaci\u00f3n del navegador empleado. Esta aceptaci\u00f3n puede en todo momento ser revocada mediante las opciones de configuraci\u00f3n de contenidos y privacidad disponibles.<\/p>\n\n\n\n<p>Muchos navegadores permiten activar un modo privado mediante el cual las cookies se borran siempre despu\u00e9s de su visita. Dependiendo de cada navegador, este modo privado puede tener diferentes nombres. A continuaci\u00f3n encontrar\u00e1 una lista de los navegadores m\u00e1s comunes y los diferentes nombres que recibe este \u00abmodo privado\u00bb:<\/p>\n\n\n\n<p><strong>Internet Explorer 8&nbsp;<\/strong>y superior; InPrivate&nbsp;<strong>Safari 2&nbsp;<\/strong>y superior; Navegaci\u00f3n Privada<\/p>\n\n\n\n<p><strong>Opera 10.5&nbsp;<\/strong>y superior; Navegaci\u00f3n Privada&nbsp;<strong>FireFox 3.5&nbsp;<\/strong>y superior; Navegaci\u00f3n Privada&nbsp;<strong>Google Chrome 10&nbsp;<\/strong>y superior; Inc\u00f3gnito<\/p>\n\n\n\n<p><strong>Importante:&nbsp;<\/strong>Por favor, lea atentamente la secci\u00f3n de ayuda de su navegador para conocer m\u00e1s sobre c\u00f3mo activar el \u00abmodo privado\u00bb. Podr\u00e1 seguir visitando nuestra p\u00e1gina web a\u00fan teniendo activado este \u00abmodo privado\u00bb,&nbsp;<strong>si bien la navegaci\u00f3n por la p\u00e1gina web puede no ser \u00f3ptima y algunas utilidades pueden no funcionar correctamente<\/strong>.<\/p>\n<\/div>\n","protected":false},"excerpt":{"rendered":"<p>Una \u00abCookie\u00bb es un peque\u00f1o archivo que se almacena en el ordenador del usuario y nos permite reconocerlo. El conjunto de \u00abcookies\u00bb nos ayuda a mejorar la calidad de nuestra web, permiti\u00e9ndonos controlar qu\u00e9 p\u00e1ginas son \u00fatiles para nuestros usuarios y cu\u00e1les no. Las cookies son esenciales para el funcionamiento de internet, aportando innumerables ventajas [&hellip;]<\/p>\n","protected":false},"author":1,"featured_media":0,"parent":0,"menu_order":0,"comment_status":"closed","ping_status":"closed","template":"","meta":{"_seopress_robots_primary_cat":"","_seopress_titles_title":"","_seopress_titles_desc":"","_seopress_robots_index":"","inline_featured_image":false,"footnotes":""},"class_list":["post-171","page","type-page","status-publish","hentry"],"_links":{"self":[{"href":"https:\/\/sanadentmataro.es\/es\/wp-json\/wp\/v2\/pages\/171","targetHints":{"allow":["GET"]}}],"collection":[{"href":"https:\/\/sanadentmataro.es\/es\/wp-json\/wp\/v2\/pages"}],"about":[{"href":"https:\/\/sanadentmataro.es\/es\/wp-json\/wp\/v2\/types\/page"}],"author":[{"embeddable":true,"href":"https:\/\/sanadentmataro.es\/es\/wp-json\/wp\/v2\/users\/1"}],"replies":[{"embeddable":true,"href":"https:\/\/sanadentmataro.es\/es\/wp-json\/wp\/v2\/comments?post=171"}],"version-history":[{"count":0,"href":"https:\/\/sanadentmataro.es\/es\/wp-json\/wp\/v2\/pages\/171\/revisions"}],"wp:attachment":[{"href":"https:\/\/sanadentmataro.es\/es\/wp-json\/wp\/v2\/media?parent=171"}],"curies":[{"name":"wp","href":"https:\/\/api.w.org\/{rel}","templated":true}]}}