{"id":172,"date":"2025-03-06T12:00:13","date_gmt":"2025-03-06T11:00:13","guid":{"rendered":"https:\/\/sanadentmataro.es\/politica-de-privacitat\/"},"modified":"2025-03-31T12:00:54","modified_gmt":"2025-03-31T10:00:54","slug":"politica-de-privacidad","status":"publish","type":"page","link":"https:\/\/sanadentmataro.es\/es\/politica-de-privacidad\/","title":{"rendered":"Pol\u00edtica de privacidad"},"content":{"rendered":"\n<div class=\"wp-block-group aligncenter is-style-page-wrapper has-global-padding is-layout-constrained wp-block-group-is-layout-constrained\"><h1 class=\"wp-block-post-title\">Pol\u00edtica de privacidad<\/h1>\n\n\n<p>Los datos de car\u00e1cter personal proporcionados por usted y los que en cualquier momento nos facilite, ser\u00e1n incorporados en un fichero automatizado de datos titularidad de <strong>Sanadent<\/strong>, con el objeto de ser tratados en la medida en que fuesen necesarios o convenientes para el desarrollo de la relaci\u00f3n jur\u00eddica que se establezca entre las partes y para su uso con fines comerciales, de informaci\u00f3n y publicitarios de todo tipo de productos y de servicios, propios y ajenos.<\/p>\n\n\n\n<p>En cualquier momento usted podr\u00e1 acceder a este fichero con la finalidad de ejercitar los derechos de acceso, rectificaci\u00f3n, cancelaci\u00f3n y oposici\u00f3n respecto a sus datos personales. Estos derechos podr\u00e1n ejercitarse mediante una comunicaci\u00f3n escrita dirigida a la sede de la Sociedad situada en <strong>C\/ Joan Salvat Papasseit 50 Bajos<\/strong> <strong>08304<\/strong> <strong>Barcelona<\/strong>.<\/p>\n\n\n\n<p>La aceptaci\u00f3n de la presente Pol\u00edtica de Privacidad implica la autorizaci\u00f3n expresa a <strong>Sanadent<\/strong> para el env\u00edo de comunicaciones comerciales y ofertas promocionales por v\u00eda electr\u00f3nica, o cualquier otro medio equivalente. En caso de que usted no desee recibir comunicaciones comerciales por v\u00eda electr\u00f3nica, le rogamos que nos lo comunique enviando un correo electr\u00f3nico a la siguiente direcci\u00f3n: <strong>sanadentmataro@hotmail.com<\/strong>.<\/p>\n\n\n\n<p>El env\u00edo de su informaci\u00f3n personal a trav\u00e9s de la presente p\u00e1gina implica el consentimiento expreso e inequ\u00edvoco para tratar sus datos de car\u00e1cter personal en los t\u00e9rminos expuestos en la presente Pol\u00edtica de Privacidad.<\/p>\n\n\n\n<p>La aceptaci\u00f3n de la presente Pol\u00edtica de Privacidad supone asimismo la aceptaci\u00f3n de las Condiciones Generales de Uso de esta p\u00e1gina web.<\/p>\n<\/div>\n","protected":false},"excerpt":{"rendered":"<p>Los datos de car\u00e1cter personal proporcionados por usted y los que en cualquier momento nos facilite, ser\u00e1n incorporados en un fichero automatizado de datos titularidad de Sanadent, con el objeto de ser tratados en la medida en que fuesen necesarios o convenientes para el desarrollo de la relaci\u00f3n jur\u00eddica que se establezca entre las partes [&hellip;]<\/p>\n","protected":false},"author":1,"featured_media":0,"parent":0,"menu_order":0,"comment_status":"closed","ping_status":"closed","template":"","meta":{"_seopress_robots_primary_cat":"","_seopress_titles_title":"","_seopress_titles_desc":"","_seopress_robots_index":"","inline_featured_image":false,"footnotes":""},"class_list":["post-172","page","type-page","status-publish","hentry"],"_links":{"self":[{"href":"https:\/\/sanadentmataro.es\/es\/wp-json\/wp\/v2\/pages\/172","targetHints":{"allow":["GET"]}}],"collection":[{"href":"https:\/\/sanadentmataro.es\/es\/wp-json\/wp\/v2\/pages"}],"about":[{"href":"https:\/\/sanadentmataro.es\/es\/wp-json\/wp\/v2\/types\/page"}],"author":[{"embeddable":true,"href":"https:\/\/sanadentmataro.es\/es\/wp-json\/wp\/v2\/users\/1"}],"replies":[{"embeddable":true,"href":"https:\/\/sanadentmataro.es\/es\/wp-json\/wp\/v2\/comments?post=172"}],"version-history":[{"count":0,"href":"https:\/\/sanadentmataro.es\/es\/wp-json\/wp\/v2\/pages\/172\/revisions"}],"wp:attachment":[{"href":"https:\/\/sanadentmataro.es\/es\/wp-json\/wp\/v2\/media?parent=172"}],"curies":[{"name":"wp","href":"https:\/\/api.w.org\/{rel}","templated":true}]}}